{"id":290,"date":"2019-11-06T12:44:42","date_gmt":"2019-11-06T12:44:42","guid":{"rendered":"http:\/\/oni\/?page_id=290"},"modified":"2023-12-16T17:06:40","modified_gmt":"2023-12-16T16:06:40","slug":"blog","status":"publish","type":"page","link":"https:\/\/atelier-ruechineuse.com\/index.php\/blog\/","title":{"rendered":"Blog"},"content":{"rendered":"\t\t<div data-elementor-type=\"wp-page\" data-elementor-id=\"290\" class=\"elementor elementor-290\">\n\t\t\t\t<div class=\"elementor-element elementor-element-aad0c10 e-con-full e-flex e-con e-parent\" data-id=\"aad0c10\" data-element_type=\"container\">\n\t\t<div class=\"elementor-element elementor-element-b2741e8 elementor-hidden-mobile e-con-full e-flex e-con e-child\" data-id=\"b2741e8\" data-element_type=\"container\" data-settings=\"{&quot;background_background&quot;:&quot;classic&quot;}\">\n\t\t<div class=\"elementor-element elementor-element-6dda850 e-con-full e-flex e-con e-child\" data-id=\"6dda850\" data-element_type=\"container\">\n\t\t\t\t<div class=\"elementor-element elementor-element-d6357a0 elementor-widget elementor-widget-image\" data-id=\"d6357a0\" data-element_type=\"widget\" data-widget_type=\"image.default\">\n\t\t\t\t<div class=\"elementor-widget-container\">\n\t\t\t\t\t\t\t\t\t\t\t\t\t\t\t\t<a href=\"http:\/\/atelier-ruechineuse.com\">\n\t\t\t\t\t\t\t<img loading=\"lazy\" decoding=\"async\" width=\"911\" height=\"1024\" src=\"https:\/\/atelier-ruechineuse.com\/wp-content\/uploads\/2023\/11\/Nouveau-projet-13-1-911x1024.png\" class=\"attachment-large size-large wp-image-2266\" alt=\"\" srcset=\"https:\/\/atelier-ruechineuse.com\/wp-content\/uploads\/2023\/11\/Nouveau-projet-13-1-911x1024.png 911w, https:\/\/atelier-ruechineuse.com\/wp-content\/uploads\/2023\/11\/Nouveau-projet-13-1-267x300.png 267w, https:\/\/atelier-ruechineuse.com\/wp-content\/uploads\/2023\/11\/Nouveau-projet-13-1-768x863.png 768w, https:\/\/atelier-ruechineuse.com\/wp-content\/uploads\/2023\/11\/Nouveau-projet-13-1-480x539.png 480w, https:\/\/atelier-ruechineuse.com\/wp-content\/uploads\/2023\/11\/Nouveau-projet-13-1.png 1051w\" sizes=\"(max-width: 911px) 100vw, 911px\" title=\"Nouveau projet (13)\" \/>\t\t\t\t\t\t\t\t<\/a>\n\t\t\t\t\t\t\t\t\t\t\t\t\t\t\t<\/div>\n\t\t\t\t<\/div>\n\t\t\t\t<\/div>\n\t\t<div class=\"elementor-element elementor-element-ebfaf63 e-con-full e-flex e-con e-child\" data-id=\"ebfaf63\" data-element_type=\"container\">\n\t\t\t\t<div class=\"gt3-core-button--alignment_center elementor-element elementor-element-03037e3 elementor-widget elementor-widget-gt3-core-button\" data-id=\"03037e3\" data-element_type=\"widget\" data-widget_type=\"gt3-core-button.default\">\n\t\t\t\t<div class=\"elementor-widget-container\">\n\t\t\t\t\t\t<div class=\"gt3_module_button_elementor size_mini alignment_center button_icon_none hover_none \">\r\n\t\t<a class=\"button_size_elementor_mini alignment_center border_icon_none hover_none btn_icon_position_left\" href=\"#a-propos\">\r\n\t\t\t\t<span class=\"gt3_module_button__container\">\r\n\t\t\t\t\t\t\t\t\t\t\t<span class=\"gt3_module_button__cover front\"><span class=\"elementor_gt3_btn_text\">\u00e0 propos<\/span><\/span>\r\n\t\t\t\t\t\t\t\t\t\t\t\t\t\t\t<\/span>\r\n\t\t<\/a>\r\n\t<\/div>\r\n\r\n<script type=\"application\/json\" id=\"settings--03037e3\">[]<\/script>\t\t\t\t<\/div>\n\t\t\t\t<\/div>\n\t\t\t\t<\/div>\n\t\t<div class=\"elementor-element elementor-element-1b4f155 e-con-full e-flex e-con e-child\" data-id=\"1b4f155\" data-element_type=\"container\">\n\t\t\t\t<div class=\"gt3-core-button--alignment_center elementor-element elementor-element-61cea94 elementor-widget elementor-widget-gt3-core-button\" data-id=\"61cea94\" data-element_type=\"widget\" data-widget_type=\"gt3-core-button.default\">\n\t\t\t\t<div class=\"elementor-widget-container\">\n\t\t\t\t\t\t<div class=\"gt3_module_button_elementor size_mini alignment_center button_icon_none hover_none \">\r\n\t\t<a class=\"button_size_elementor_mini alignment_center border_icon_none hover_none btn_icon_position_left\" href=\"#realisations\">\r\n\t\t\t\t<span class=\"gt3_module_button__container\">\r\n\t\t\t\t\t\t\t\t\t\t\t<span class=\"gt3_module_button__cover front\"><span class=\"elementor_gt3_btn_text\">mes r\u00e9alisations<\/span><\/span>\r\n\t\t\t\t\t\t\t\t\t\t\t\t\t\t\t<\/span>\r\n\t\t<\/a>\r\n\t<\/div>\r\n\r\n<script type=\"application\/json\" id=\"settings--61cea94\">[]<\/script>\t\t\t\t<\/div>\n\t\t\t\t<\/div>\n\t\t\t\t<\/div>\n\t\t<div class=\"elementor-element elementor-element-c698d37 e-con-full e-flex e-con e-child\" data-id=\"c698d37\" data-element_type=\"container\">\n\t\t\t\t<div class=\"gt3-core-button--alignment_center elementor-element elementor-element-7431a9a elementor-widget elementor-widget-gt3-core-button\" data-id=\"7431a9a\" data-element_type=\"widget\" data-widget_type=\"gt3-core-button.default\">\n\t\t\t\t<div class=\"elementor-widget-container\">\n\t\t\t\t\t\t<div class=\"gt3_module_button_elementor size_mini alignment_center button_icon_none hover_none \">\r\n\t\t<a class=\"button_size_elementor_mini alignment_center border_icon_none hover_none btn_icon_position_left\" href=\"#contact\">\r\n\t\t\t\t<span class=\"gt3_module_button__container\">\r\n\t\t\t\t\t\t\t\t\t\t\t<span class=\"gt3_module_button__cover front\"><span class=\"elementor_gt3_btn_text\">contactez-moi<\/span><\/span>\r\n\t\t\t\t\t\t\t\t\t\t\t\t\t\t\t<\/span>\r\n\t\t<\/a>\r\n\t<\/div>\r\n\r\n<script type=\"application\/json\" id=\"settings--7431a9a\">[]<\/script>\t\t\t\t<\/div>\n\t\t\t\t<\/div>\n\t\t\t\t<\/div>\n\t\t<div class=\"elementor-element elementor-element-178f214 e-con-full e-flex e-con e-child\" data-id=\"178f214\" data-element_type=\"container\">\n\t\t\t\t<div class=\"gt3-core-button--alignment_center elementor-element elementor-element-41b6124 elementor-widget elementor-widget-gt3-core-button\" data-id=\"41b6124\" data-element_type=\"widget\" data-widget_type=\"gt3-core-button.default\">\n\t\t\t\t<div class=\"elementor-widget-container\">\n\t\t\t\t\t\t<div class=\"gt3_module_button_elementor size_mini alignment_center button_icon_none hover_type6 \">\r\n\t\t<a class=\"button_size_elementor_mini alignment_center border_icon_none hover_type6 btn_icon_position_left\" href=\"http:\/\/ruechineuse.com\">\r\n\t\t\t\t<span class=\"gt3_module_button__container\">\r\n\t\t\t\t\t\t\t\t\t\t\t<span class=\"gt3_module_button__cover front\"><span class=\"elementor_gt3_btn_text\">D\u00e9couvrir la boutique en ligne<\/span><\/span>\r\n\t\t\t\t\t\t\t\t\t\t\t\t\t\t\t<\/span>\r\n\t\t<\/a>\r\n\t<\/div>\r\n\r\n<script type=\"application\/json\" id=\"settings--41b6124\">[]<\/script>\t\t\t\t<\/div>\n\t\t\t\t<\/div>\n\t\t\t\t<\/div>\n\t\t\t\t<\/div>\n\t\t\t\t<\/div>\n\t\t\t\t<section class=\"elementor-section elementor-top-section elementor-element elementor-element-c8d60e2 elementor-section-full_width elementor-section-height-default elementor-section-height-default\" data-id=\"c8d60e2\" data-element_type=\"section\">\n\t\t\t\t\t\t<div class=\"elementor-container elementor-column-gap-default\">\n\t\t\t\t\t<div class=\"elementor-column elementor-col-100 elementor-top-column elementor-element elementor-element-7b3060c\" data-id=\"7b3060c\" data-element_type=\"column\">\n\t\t\t<div class=\"elementor-widget-wrap elementor-element-populated\">\n\t\t\t\t\t\t<div class=\"elementor-element elementor-element-af8f062 elementor-widget elementor-widget-gt3-core-blog\" data-id=\"af8f062\" data-element_type=\"widget\" data-widget_type=\"gt3-core-blog.default\">\n\t\t\t\t<div class=\"elementor-widget-container\">\n\t\t\t\t\t<script type=\"application\/json\" id=\"settings--af8f062\">{\"packery\":false,\"isotope_settings\":{\"layoutMode\":\"masonry\"}}<\/script>\t<div class=\"gt3_module_blog items1  items_type1\">\r\n\t\t\t\t<div class=\"blog_post_preview isotope_item isotope-item loading  format-standard blog packery_blog_item_1  \">\r\n                        <div class=\"item_wrapper\" >\r\n                            <div class=\"blog_content\"><div class=\"listing_meta_wrap\"><\/div><h2 class=\"blogpost_title\"><a href=\"https:\/\/atelier-ruechineuse.com\/index.php\/2023\/12\/16\/la-symbiose-bois-tissu-esthetique-exquise-du-mobilier-tapisse\/\">La Symbiose Bois-Tissu : Esth\u00e9tique Exquise du Mobilier Tapiss\u00e9<\/a><\/h2><div class=\"blog_item_description\">\nL&#8217;Alliance Naturelle : Exploration de la Symbiose Bois-Tissu\n\n\n\nPlongez dans l&#8217;harmonie parfaite entre le bois et le tissu, une symbiose qui d\u00e9finit l&#8217;esth\u00e9tique du mobilier tapiss\u00e9. \u00c0 travers Rue Chineuse, d\u00e9couvrez comment cette alliance...<\/div><div class=\"clear post_clear\"><\/div><div class=\"gt3_post_footer\"><div class=\"gt3_module_button_list\"><a href=\"https:\/\/atelier-ruechineuse.com\/index.php\/2023\/12\/16\/la-symbiose-bois-tissu-esthetique-exquise-du-mobilier-tapisse\/\">Lire cet article <\/a><\/div><div class=\"clear\"><\/div><\/div><\/div>\r\n\t\t\t\t\t\t<\/div>\r\n\t\t\t\t\t<\/div>\r\n\t\t\t\t\t<div class=\"blog_post_preview isotope_item isotope-item loading  format-standard blog packery_blog_item_2  \">\r\n                        <div class=\"item_wrapper\" >\r\n                            <div class=\"blog_content\"><div class=\"listing_meta_wrap\"><\/div><h2 class=\"blogpost_title\"><a href=\"https:\/\/atelier-ruechineuse.com\/index.php\/2023\/12\/16\/techniques-de-garnissage-tout-pour-une-assise-confortable\/\">Techniques de Garnissage : Tout pour une Assise Confortable<\/a><\/h2><div class=\"blog_item_description\">\nL&#8217;Art du Garnissage R\u00e9v\u00e9l\u00e9 : Plong\u00e9e dans les Techniques Essentielles\n\n\n\nExplorez l&#8217;univers complexe du garnissage, l&#8217;art souvent m\u00e9connu qui se cache sous chaque assise. Rue Chineuse nous guide \u00e0 travers les techniques essentielles qui fa\u00e7onnent...<\/div><div class=\"clear post_clear\"><\/div><div class=\"gt3_post_footer\"><div class=\"gt3_module_button_list\"><a href=\"https:\/\/atelier-ruechineuse.com\/index.php\/2023\/12\/16\/techniques-de-garnissage-tout-pour-une-assise-confortable\/\">Lire cet article <\/a><\/div><div class=\"clear\"><\/div><\/div><\/div>\r\n\t\t\t\t\t\t<\/div>\r\n\t\t\t\t\t<\/div>\r\n\t\t\t\t\t<div class=\"blog_post_preview isotope_item isotope-item loading  format-standard blog packery_blog_item_3  \">\r\n                        <div class=\"item_wrapper\" >\r\n                            <div class=\"blog_content\"><div class=\"listing_meta_wrap\"><\/div><h2 class=\"blogpost_title\"><a href=\"https:\/\/atelier-ruechineuse.com\/index.php\/2023\/12\/16\/refection-de-sieges-tendances-design-2024\/\">R\u00e9fection de Si\u00e8ges : Tendances Design 2024<\/a><\/h2><div class=\"blog_item_description\">\nL&#8217;\u00c9l\u00e9gance Red\u00e9finie : Les Nouvelles Fronti\u00e8res du Design\n\n\n\nExplorez les fronti\u00e8res \u00e9mergentes du design dans le monde de la r\u00e9fection de si\u00e8ges. D\u00e9couvrez les tendances novatrices qui red\u00e9finiront l&#8217;\u00e9l\u00e9gance en 2024. De Rue Chineuse aux ateliers de...<\/div><div class=\"clear post_clear\"><\/div><div class=\"gt3_post_footer\"><div class=\"gt3_module_button_list\"><a href=\"https:\/\/atelier-ruechineuse.com\/index.php\/2023\/12\/16\/refection-de-sieges-tendances-design-2024\/\">Lire cet article <\/a><\/div><div class=\"clear\"><\/div><\/div><\/div>\r\n\t\t\t\t\t\t<\/div>\r\n\t\t\t\t\t<\/div>\r\n\t\t\t\t\t<div class=\"blog_post_preview isotope_item isotope-item loading  format-standard blog packery_blog_item_4  \">\r\n                        <div class=\"item_wrapper\" >\r\n                            <div class=\"blog_content\"><div class=\"listing_meta_wrap\"><\/div><h2 class=\"blogpost_title\"><a href=\"https:\/\/atelier-ruechineuse.com\/index.php\/2023\/12\/16\/rue-chineuse-les-outils-du-tapissier-immersion-en-atelier\/\">Rue Chineuse : Les Outils du Tapissier, Immersion en Atelier<\/a><\/h2><div class=\"blog_item_description\">\n\u00c0 la D\u00e9couverte des Essentiels : Le Sanctuaire du Tapissier\n\n\n\nPlongeons dans l&#8217;univers fascinant des tapissiers, artistes de la transformation et gardiens des traditions. D\u00e9couvrez les outils indispensables qui peuplent leur atelier, du marteau d\u00e9licat \u00e0...<\/div><div class=\"clear post_clear\"><\/div><div class=\"gt3_post_footer\"><div class=\"gt3_module_button_list\"><a href=\"https:\/\/atelier-ruechineuse.com\/index.php\/2023\/12\/16\/rue-chineuse-les-outils-du-tapissier-immersion-en-atelier\/\">Lire cet article <\/a><\/div><div class=\"clear\"><\/div><\/div><\/div>\r\n\t\t\t\t\t\t<\/div>\r\n\t\t\t\t\t<\/div>\r\n\t\t\t\t\t<div class=\"blog_post_preview isotope_item isotope-item loading  format-standard blog packery_blog_item_5  \">\r\n                        <div class=\"item_wrapper\" >\r\n                            <div class=\"blog_content\"><div class=\"listing_meta_wrap\"><\/div><h2 class=\"blogpost_title\"><a href=\"https:\/\/atelier-ruechineuse.com\/index.php\/2023\/12\/16\/rue-chineuse-et-lart-de-la-tapisserie-un-voyage-au-coeur-dun-metier-ancestral\/\">Rue Chineuse et l&#8217;Art de la Tapisserie : Un Voyage au C\u0153ur d&#8217;un M\u00e9tier Ancestral<\/a><\/h2><div class=\"blog_item_description\">\n\u00c0 la D\u00e9couverte de Rue Chineuse et de son Univers Tiss\u00e9\n\n\n\nBienvenue dans l&#8217;univers envo\u00fbtant de Rue Chineuse, o\u00f9 la passion pour la tapisserie rencontre l&#8217;art ancestral du tissage. Rue Chineuse, synonyme d&#8217;exploration et de d\u00e9couverte, nous...<\/div><div class=\"clear post_clear\"><\/div><div class=\"gt3_post_footer\"><div class=\"gt3_module_button_list\"><a href=\"https:\/\/atelier-ruechineuse.com\/index.php\/2023\/12\/16\/rue-chineuse-et-lart-de-la-tapisserie-un-voyage-au-coeur-dun-metier-ancestral\/\">Lire cet article <\/a><\/div><div class=\"clear\"><\/div><\/div><\/div>\r\n\t\t\t\t\t\t<\/div>\r\n\t\t\t\t\t<\/div>\r\n\t\t\t\t\t\t<\/div>\r\n\t\t\t\t<\/div>\n\t\t\t\t<\/div>\n\t\t\t\t\t<\/div>\n\t\t<\/div>\n\t\t\t\t\t<\/div>\n\t\t<\/section>\n\t\t\t\t<\/div>\n\t\t","protected":false},"excerpt":{"rendered":"<p>\u00e0 propos mes r\u00e9alisations contactez-moi D\u00e9couvrir la boutique en ligne La Symbiose Bois-Tissu : Esth\u00e9tique Exquise du Mobilier Tapiss\u00e9 L&#8217;Alliance Naturelle : Exploration de la Symbiose Bois-Tissu Plongez dans l&#8217;harmonie parfaite entre le bois et le tissu, une symbiose qui d\u00e9finit l&#8217;esth\u00e9tique du mobilier tapiss\u00e9. \u00c0 travers Rue Chineuse, d\u00e9couvrez comment cette alliance&#8230;Lire cet article [&hellip;]<\/p>\n","protected":false},"author":1,"featured_media":0,"parent":0,"menu_order":0,"comment_status":"closed","ping_status":"closed","template":"","meta":{"footnotes":""},"class_list":["post-290","page","type-page","status-publish","hentry"],"aioseo_notices":[],"_links":{"self":[{"href":"https:\/\/atelier-ruechineuse.com\/index.php\/wp-json\/wp\/v2\/pages\/290","targetHints":{"allow":["GET"]}}],"collection":[{"href":"https:\/\/atelier-ruechineuse.com\/index.php\/wp-json\/wp\/v2\/pages"}],"about":[{"href":"https:\/\/atelier-ruechineuse.com\/index.php\/wp-json\/wp\/v2\/types\/page"}],"author":[{"embeddable":true,"href":"https:\/\/atelier-ruechineuse.com\/index.php\/wp-json\/wp\/v2\/users\/1"}],"replies":[{"embeddable":true,"href":"https:\/\/atelier-ruechineuse.com\/index.php\/wp-json\/wp\/v2\/comments?post=290"}],"version-history":[{"count":13,"href":"https:\/\/atelier-ruechineuse.com\/index.php\/wp-json\/wp\/v2\/pages\/290\/revisions"}],"predecessor-version":[{"id":2341,"href":"https:\/\/atelier-ruechineuse.com\/index.php\/wp-json\/wp\/v2\/pages\/290\/revisions\/2341"}],"wp:attachment":[{"href":"https:\/\/atelier-ruechineuse.com\/index.php\/wp-json\/wp\/v2\/media?parent=290"}],"curies":[{"name":"wp","href":"https:\/\/api.w.org\/{rel}","templated":true}]}}